{"id":15,"date":"2023-08-30T23:27:15","date_gmt":"2023-08-30T21:27:15","guid":{"rendered":"http:\/\/uwalnianie.com\/?page_id=15"},"modified":"2023-08-30T23:30:49","modified_gmt":"2023-08-30T21:30:49","slug":"uwalnianie","status":"publish","type":"page","link":"https:\/\/uwalnianie.com\/","title":{"rendered":"Uwalnianie"},"content":{"rendered":"\n<p><strong>Emocje, to co czujemy &#8211; wp\u0142ywa na to, czy w naszym \u017cyciu pojawia si\u0119 tylko to co dobre i pozytywne<br>czy raczej &#8211; odpychamy od siebie obfito\u015b\u0107, mi\u0142o\u015b\u0107, szcz\u0119\u015bcie i zdrowie wybieraj\u0105c negatywne uczucia.<\/strong><\/p>\n\n\n\n<p>Wi\u0119kszo\u015b\u0107 os\u00f3b wierzy w to, \u017ce nie mo\u017ce zmieni\u0107 tego jak si\u0119 czuje &#8211; tym samym nie mog\u0105 zmieni\u0107 tego co dzieje si\u0119 w ka\u017cdym obszarze jego \u017cycia.<\/p>\n\n\n\n<p>Ale prawda jest ca\u0142kowicie odwrotna.<\/p>\n\n\n\n<p>Ka\u017cdy z nas &#8211; mo\u017ce zmieni\u0107 dowolny obszar swojego \u017cycia. Bardzo szybko.<br>Jest tylko jeden warunek. Przesta\u0107 ucieka\u0107 od tego &#8211; co mamy w sobie.<br>Przesta\u0107 ucieka\u0107 od tego co znajduje si\u0119 w naszym umy\u015ble.<br>Zatrzymaj &nbsp;si\u0119 i zajrzyj w&nbsp;siebie. Nasze ego chce mie\u0107 racj\u0119 &#8211; nie chce si\u0119 podda\u0107 wy\u017cszemu poziomowi mocy &#8211; chce kontrolowa\u0107 wszystko nawet wtedy, gdy wszystko nie dzia\u0142a.<br>Wa\u017cne jest aby\u015bmy zadali sobie pytanie &#8221; wol\u0119 mie\u0107 racj\u0119, czy efekty &#8221; ?<br>Nie ma \u017cadnych zewn\u0119trznych przyczyn. To oczywiste, to mo\u017ce by\u0107 szokiem dla wielu os\u00f3b. Nie ma zewn\u0119trznych przyczyn &#8211; poza tym co znajduje si\u0119 w naszym umy\u015ble &#8211; to znaczy, \u017ce ego nie b\u0119dzie mog\u0142o gra\u0107 roli ofiary i twierdzi\u0107, \u017ce czuje si\u0119 &#8222;\u017ale&#8221; &#8211; bo ten kto\u015b tam na zewn\u0105trz co\u015b powiedzia\u0142. Ego ofiara. Niestety.<br>Przyjmij dowodzenie nad w\u0142asnym umys\u0142em. Nad tym co czujesz. \u017bycie stanie si\u0119 radosn\u0105 zabaw\u0105 w tworzenie. Przestaniesz reagowa\u0107. Zaczniesz tworzy\u0107.<\/p>\n\n\n\n<p>Kiedy jeste\u015bmy najbardziej Sob\u0105 ?<\/p>\n\n\n\n<p>Gdy odczuwamy szcz\u0119\u015bcie, spok\u00f3j, jeste\u015bmy zrelaksowani ? Czy wtedy gdy cierpimy, zmagamy si\u0119 i boimy ? Odpowied\u017a jest oczywista.&nbsp;<\/p>\n\n\n\n<p>Tak samo oczywisty jest cel procesu Uwalniania &#8211; zaprzestanie negatywnego reagowania na otaczaj\u0105ce nas warunki zewn\u0119trzne &#8211; zachowanie spokoju i rado\u015bci bez wzgl\u0119du na okoliczno\u015bci. Pami\u0119tajmy , \u017ce nasza prawdziwa MOC (energia do dzia\u0142ania, podejmowania decyzji, rozwi\u0105zywania problem\u00f3w itd )&nbsp; &#8211; to energia SPOKOJU !<\/p>\n\n\n\n<p>Uwalnianie jest naturalnym mechanizmem wyst\u0119puj\u0105cym w umy\u015ble ka\u017cdego cz\u0142owieka &#8211; kt\u00f3rego dzia\u0142ania najcz\u0119\u015bciej nie jeste\u015bmy \u015bwiadomi !<\/p>\n\n\n\n<p>Uwalnianie\/poddawanie oporu &#8211; jest najbardziej efektywnym narz\u0119dziem transformacji ( niezb\u0119dnym w procesie pe\u0142nej realizacji Siebie) z jakiego mo\u017cemy skorzysta\u0107 &#8211; bowiem nie zawiera w sobie \u017cadnych ukrytych program\u00f3w &#8211; jest wy\u0142\u0105cznie narz\u0119dziem do odprogramowania ogranicze\u0144.<br>Uwalnianie zak\u0142ada (podobnie jak nauki Sokratesa), \u017ce \u017ar\u00f3d\u0142o mocy oraz odpowiedzi na wszystkie pytania mo\u017cemy odnale\u017a\u0107 wy\u0142\u0105cznie w sobie &#8211; dlatego te\u017c jest unikane przez osoby, kt\u00f3re nie chc\u0105 sta\u0107 si\u0119 \u015bwiadome prawdy na sw\u00f3j temat.<\/p>\n\n\n\n<p>Obiektywna rzeczywisto\u015b\u0107 nie istnieje. Ka\u017cdy cz\u0142owiek postrzega \u015bwiat przez pryzmat swojego umys\u0142u! ( ka\u017cdy cz\u0142owiek posiada umys\u0142 zaprogramowany r\u00f3\u017cnymi przekonaniami, emocjami, nastawieniami i oczekiwaniami, paradoksalnie &#8211; wszystkie te programy mog\u0105 okaza\u0107 si\u0119 nieprawdziwe &#8211; jednak zdecydowana wi\u0119kszo\u015b\u0107 ludzko\u015bci na \u015bwiecie broni za wszelk\u0105 cen\u0119 tego, w co uwierzyli i zaakceptowali za prawd\u0119 b\u0119d\u0105c dzie\u0107mi &#8211; od czasu do czasu tylko pojawia si\u0119 kto\u015b, kto zadaje trudne pytanie &#8211; czy to w co wierz\u0119 i wierz\u0105 inni jest prawd\u0105 ? ) oto przyk\u0142ad, kt\u00f3ry na zawsze mo\u017ce odmieni\u0107 nasze \u017cycie :&nbsp;<\/p>\n\n\n\n<p>Wiadomo , \u017ce wi\u0119kszo\u015b\u0107 problem\u00f3w naszego cia\u0142a pochodzi ze stanu, kt\u00f3ry okre\u015bla si\u0119 mianem &#8222;stresu&#8221;.<\/p>\n\n\n\n<p>\u0179r\u00f3d\u0142o stresu nie pochodzi ze \u015bwiata zewn\u0119trznego !&nbsp;<\/p>\n\n\n\n<p>Stres jest wy\u0142\u0105cznie nasz\u0105 reakcj\u0105 na \u015bwiat zewn\u0119trzny &#8211; zale\u017cn\u0105 od tego co znajduje si\u0119 obecnie w naszym umy\u015ble.&nbsp;<\/p>\n\n\n\n<p>Je\u017celi w umy\u015ble danej osoby znajduje si\u0119 du\u017co l\u0119ku &#8211; wszystko w \u015bwiecie zewn\u0119trznym mo\u017ce wydawa\u0107 si\u0119 dla takiej osoby stresuj\u0105ce. Jednak , gdy osoba uwolni l\u0119k z umys\u0142u i przestanie kontrolowa\u0107 \u015bwiat oraz innych ludzi z nadziej\u0105, \u017ce to kontrolowanie zapewni tej osobie poczucie (fa\u0142szywego) bezpiecze\u0144stwa &#8211; gdy l\u0119k zostanie uwolniony &#8211; osoba z rado\u015bci\u0105 wita zmiany &#8211; a niestandardowe zachowania innych zamienia w poczucie humoru ( wolisz mie\u0107 racj\u0119 czy spok\u00f3j ? ).&nbsp;<\/p>\n\n\n\n<p>Gdy wierzymy, \u017ce moc nad nami posiada \u015bwiat zewn\u0119trzny ( &#8222;przez ciebie \u017ale si\u0119 czuj\u0119&#8221;, &#8222;jak mnie zostawisz b\u0119d\u0119 cierpia\u0142&#8221; itd ) &#8211; oddajemy w\u0142asn\u0105 moc dla innych &#8211; ale tylko dlatego, \u017ce WIERZYMY w to, \u017ce inni maj\u0105 tak\u0105 moc nad nami ( a zgodnie z nasz\u0105 wiar\u0105 tak b\u0119dzie ).&nbsp;<\/p>\n\n\n\n<p>Uwalnianie &#8211; zak\u0142ada, \u017ce nasz umys\u0142 posiada 100% wp\u0142yw na cia\u0142o &#8211; natomiast cia\u0142o nie posiada wp\u0142ywu na umys\u0142. Jest to szokuj\u0105ce dla naszego ego &#8211; bowiem wtedy &#8211; ci\u0105g\u0142e zajmowanie si\u0119 w\u0142asnym cia\u0142em ( unikanie \u015bwiadomo\u015bci tego co znajduje si\u0119 w umy\u015ble &#8211; jako \u017ar\u00f3d\u0142a l\u0119ku, stresu, napi\u0119\u0107 ) &#8211; staje si\u0119 niemo\u017cliwe.<\/p>\n\n\n\n<p>Uwalnianie wymaga mn\u00f3stwo pokory oraz bezwzgl\u0119dnego nastawienia na uczciwo\u015b\u0107.<\/p>\n\n\n\n<p><strong>Umys\u0142 nie\u015bwiadomy &#8211; Pod\u015bwiadomo\u015b\u0107<\/strong><\/p>\n\n\n\n<p><strong>&#8211; jako prawdziwa przyczyna tego co robimy &#8211; oraz efekt\u00f3w, kt\u00f3rych do\u015bwiadczamy w \u015bwiecie.&nbsp;<\/strong><\/p>\n\n\n\n<p>Zobaczmy :<\/p>\n\n\n\n<p>Pod\u015bwiadomo\u015b\u0107 &#8211; to obszar, kt\u00f3ry w 90% odpowiada za nasze efekty &#8211; jednak &#8211; tak naprawd\u0119 &#8211; to dlaczego dzia\u0142amy tak jak dzia\u0142amy -prawdziwa przyczyna naszych zachowa\u0144 &#8211; nie zale\u017cy od &#8222;silnej woli&#8221; &#8211; ka\u017cdy z nas 'pr\u00f3bowa\u0142&#8217; zrezygnowa\u0107 z negatywnego nawyku &#8211; sama wolna wola- walka ani zmaganie si\u0119 &#8211; nie by\u0142y&nbsp; wystarczaj\u0105ce &#8211; dlaczego ?<\/p>\n\n\n\n<p>Oto odpowied\u017a :<\/p>\n\n\n\n<figure class=\"wp-block-image\"><img decoding=\"async\" src=\"https:\/\/www.adamkrasowski.pl\/wp-content\/uploads\/2020\/07\/457197700695c9a4bb13bcf8686b16c2.jpg\" alt=\"Uwalnianie ograniczen emocje programy przekonania Adam Krasowski Technika Uwalniania\" class=\"wp-image-2611\"\/><\/figure>\n\n\n\n<p><br>Je\u017celi w naszym \u017cyciu zale\u017cy nam na transformacji obszaru&nbsp;<strong>EFEKT\u00d3W&nbsp;<\/strong><\/p>\n\n\n\n<p>to w pierwszej kolejno\u015bci musimy zbada\u0107 i zrozumie\u0107 prawdziw\u0105 rol\u0119 obszaru&nbsp;<strong>POD\u015aWIADOMO\u015aCI<\/strong>&nbsp;, kt\u00f3ry mimo, \u017ce jest dla nas nie\u015bwiadomy &#8211; to bez opanowania tej cz\u0119\u015bci naszej psychiki &#8211; w nie\u015bwiadomy spos\u00f3b b\u0119dzie sterowa\u0142 naszym \u017cyciem &#8211; a nam b\u0119dzie wydawa\u0142o si\u0119, \u017ce to nasze przeznaczenie, los, przypadek lub szcz\u0119\u015bcie.<\/p>\n\n\n\n<p><br>Zrozumienie, dlaczego pod\u015bwiadomo\u015b\u0107 odpowiada w 90% za to :&nbsp;<\/p>\n\n\n\n<p>&#8211; jakie sukcesy odnosimy, ile pieni\u0119dzy zarabiamy,&nbsp; jak (i czy) pracujemy, jakich efekt\u00f3w do\u015bwiadczamy, sabotowania naszych wysi\u0142k\u00f3w i dzia\u0142a\u0144, zwlekania z podejmowaniem decyzji, unikanie rozwi\u0105zywania trudnych problem\u00f3w&nbsp;<\/p>\n\n\n\n<p>jest jednym z wa\u017cniejszych etap\u00f3w na naszej drodze rozwoju ! Jednak zupe\u0142nie innym tematem jest odkrycie PRAWDZIWEGO sposobu na to &#8211; w jaki spos\u00f3b odprogramowa\u0107 nasz umys\u0142 z negatywnych schemat\u00f3w my\u015blowych, sabotuj\u0105cych przekona\u0144 czy negatywnych emocji jak l\u0119k czy poczucie braku bezpiecze\u0144stwa.<strong><\/strong><\/p>\n\n\n\n<p>Gdyby wiedza ta by\u0142a powszechna, znana i ka\u017cdy by j\u0105 stosowa\u0142 &#8211; obserwowaliby\u015bmy wiele sukces\u00f3w u bardzo wielu ludzi &#8211; a tymczasem prawdopodobie\u0144stwo sukcesu, obfito\u015bci oraz tego, \u017ce nasze \u017cycie b\u0119dzie \u017cyciem pe\u0142nym radosnych moment\u00f3w, pe\u0142nym mi\u0142o\u015bci, wsparcia, szcz\u0119\u015bcia i rado\u015bci -jest nadal przypadkiem spotykanym bardzo w niewielkim stopniu.&nbsp;<\/p>\n\n\n\n<p><strong>PONAD 99% WIEDZY DOTYCZ\u0104CEJ RADZENIA SOBIE Z EMOCJAMI OPIERA SI\u0118 NA FA\u0141SZU &#8211; PANUJE BOWIEM W NAS PRZEKONANIE , \u017bE PRZYCZYNA Z\u0141O\u015aCI , L\u0118KU czy BRAKU &#8211; POCHODZI Z ZEWN\u0118TRZNEGO \u015aWIATA&nbsp;<\/strong><\/p>\n\n\n\n<p><strong>Dlaczego unikamy pracy z w\u0142asnym umys\u0142em ?<\/strong><\/p>\n\n\n\n<p><strong>Odpowiedzialno\u015b\u0107 &#8211; klucz do zrozumienia czym jest uwalnianie.<\/strong><\/p>\n\n\n\n<p>Ile czasu potrzeba nam aby komu\u015b wybaczy\u0107 ? Jedn\u0105 chwil\u0119 ! Jeden moment ! Wystarczy podj\u0105\u0107 decyzj\u0119 aby to zrobi\u0107 !&nbsp;<\/p>\n\n\n\n<p>Je\u017celi do tej pory komu\u015b nie wybaczyli\u015bmy &#8211; to nie dlatego, \u017ce nie wiedzieli\u015bmy jak &#8211; wolno\u015b\u0107 wyboru jest w ka\u017cdym z nas &#8211; tak naprawd\u0119 nie chcieli\u015bmy wybaczy\u0107 &#8211; lub nie byli\u015bmy \u015bwiadomi, \u017ce to tylko decyzja.&nbsp;<\/p>\n\n\n\n<p>My sami jeste\u015bmy odpowiedzialni za wszystkie wybory i decyzje, kt\u00f3re podejmujemy obecnie. Je\u017celi b\u0119dziemy oszukiwa\u0107 siebie &#8211; i obwinia\u0107 innych ludzi lub \u015bwiat zewn\u0119trzny za nasze w\u0142asne dzia\u0142ania i ich konsekwencje nigdy nie zmienimy warunk\u00f3w swojego \u017cycia. Ca\u0142a &#8211; wieloletnia walka oka\u017ce si\u0119 bez sensu- bowiem efekty pozostan\u0105 bez zmian.&nbsp;<\/p>\n\n\n\n<p>Co zmieni si\u0119 w naszym \u017cyciu- gdy wybierzemy odpowiedzialno\u015b\u0107 ?<\/p>\n\n\n\n<p>Znikn\u0105 wym\u00f3wki &#8211; mechanizmy za pomoc\u0105 kt\u00f3rych nie realizujemy naszych cel\u00f3w, zniknie obwinianie, narzekanie i krytykowanie.<\/p>\n\n\n\n<p><strong>NIE MO\u017bEMY ZMIENI\u0106 NICZEGO W NASZYM \u017bYCIU &#8211; JE\u017bELI CZUJEMY SI\u0118 BEZSILNI.&nbsp;<\/strong><\/p>\n\n\n\n<p>BEZSILNO\u015a\u0106 JEST SKUTKIEM WIARY W TO, \u017bE PRZYCZYNA NASZYCH SUKCES\u00d3W I PORA\u017bEK ZNAJDUJE SI\u0118 POZA NASZYM UMYS\u0141EM.<\/p>\n\n\n\n<p>NIE\u015aWIADOMIE ODDAJ\u0104C MOC NAD W\u0141ASNYM \u017bYCIEM &#8211; UWIERZYLI\u015aMY W TO, \u017bE JESTE\u015aMY OGRANICZENI, MALI I BEZSILNI.<\/p>\n\n\n\n<p>TO NIE PRAWDA. NIE POZWALAJMY ABY INNI MIELI NAD NAMI KONTROL\u0118 &#8211; MO\u017bEMY WYBRA\u0106 WOLNO\u015a\u0106 !<\/p>\n\n\n\n<p><strong>Tworzenie \u017cycia &#8211; zamiast reagowania na to co dzieje si\u0119 wok\u00f3\u0142 nas.<\/strong><\/p>\n\n\n\n<p>Czy reagujesz na otaczaj\u0105c\u0105 Ci\u0119 rzeczywisto\u015b\u0107 ? ( czy odczuwasz z\u0142o\u015b\u0107, l\u0119k, poczucie winy i nie potrafisz sobie z nimi poradzi\u0107 ? )<\/p>\n\n\n\n<p>Wszystkie reakcje na otaczaj\u0105c\u0105 nas rzeczywisto\u015b\u0107 s\u0105 wyuczone. Musieli\u015bmy si\u0119 ich od kogo\u015b nauczy\u0107. Nie\u015bwiadomie przyj\u0119li\u015bmy reakcje os\u00f3b, kt\u00f3re obserwowali\u015bmy w dzieci\u0144stwie za w\u0142asne.&nbsp;<\/p>\n\n\n\n<p>Mo\u017cemy uwolni\u0107 dowolny negatywny program z w\u0142asnego umys\u0142u &#8211; ale tylko wtedy, gdy przestaniemy z nim walczy\u0107&nbsp; &#8211; gdy odkryjemy, \u017ce nasz umys\u0142 jest&nbsp; niewinny i naiwny &#8211; wierzy we wszystko co s\u0142yszy.&nbsp;<\/p>\n\n\n\n<p>Z w\u0142asnej niewinnej naiwno\u015bci przyj\u0119li\u015bmy programy innych za w\u0142asne ( np. poczucie braku, niedostatku, l\u0119k przed byciem sob\u0105, ch\u0119\u0107 szukania aprobaty u innych ludzi itp.)&nbsp;<\/p>\n\n\n\n<p>To co ka\u017cdy z nas szuka ka\u017cdego dnia &#8211; to poczucie wolno\u015bci oraz szcz\u0119\u015bcie.&nbsp;<\/p>\n\n\n\n<p>Tak\u017ce musimy pami\u0119ta\u0107 o tym, \u017ce to co my\u015blimy o sobie lub o innych &#8211; tym w\u0142a\u015bnie programujemy sw\u00f3j umys\u0142.<\/p>\n\n\n\n<p>MO\u017bEMY UWOLNI\u0106 KA\u017bDE OGRANICZAJ\u0104CE NAS PRZEKONANIE, PROGRAM ORAZ NEGATYWNE EMOCJE Z NASZEJ POD\u015aWIADOMO\u015aCI<br>WYSTARCZY, \u017bE ZAPRZESTANIEMY ZMIENIA\u0106 \u015aWIAT I INNYCH LUDZI WOK\u00d3\u0141 NAS ABY POCZU\u0106 SI\u0118 LEPIEJ<\/p>\n\n\n\n<p>A ODPOWIEDZI ZACZNIEMY SZUKA\u0106 W SOBIE !!<\/p>\n\n\n\n<p>KA\u017bDY OGRANICZAJ\u0104CY NAS PROGRAM W KT\u00d3RY NIE\u015aWIADOMIE UWIERZYLI\u015aMY MO\u017bEMY UWOLNI\u0106 ! JEST TO MO\u017bLIWE DLATEGO, \u017bE NASZ\u0104 PRAWDZIW\u0104 NATUR\u0104 JEST SPOK\u00d3J, RADO\u015a\u0106, OBFITO\u015a\u0106, WOLNO\u015a\u0106 i SZCZ\u0118\u015aCIE !<\/p>\n\n\n\n<p><strong>Dlaczego cierpimy ?<\/strong><\/p>\n\n\n\n<p>Poniewa\u017c wierzymy, \u017ce aby pozby\u0107 si\u0119 czego\u015b z naszego \u017cycia &#8211; co nam si\u0119 nie podoba &#8211; musimy z tym walczy\u0107.<\/p>\n\n\n\n<p>A skutek jest dok\u0142adnie odwrotny. Walk\u0105 zasilamy energetycznie problem &#8211; kt\u00f3rego chcemy si\u0119 pozby\u0107 !! (martwienie si\u0119, stres, zmaganie si\u0119 &#8211; to cierpienie na w\u0142asne \u017cyczenie &#8211; na dodatek &#8211; kompletnie nie dzia\u0142a!!&nbsp; )<\/p>\n\n\n\n<p>Dlaczego odczuwamy b\u00f3l, cierpienie itp. ? Bo stawiamy czemu\u015b op\u00f3r &#8211; wierzymy, \u017ce jak tak bardzo mocno stawimy czemu\u015b op\u00f3r to zniknie ! Ale to przecie\u017c nigdy nie dzia\u0142a\u0142o &#8211; ka\u017cdy z nas zna kogo\u015b, kto pr\u00f3buje pozby\u0107 si\u0119 jedzenia ciastek &#8211; a na ko\u0144cu i tak ciastko wygrywa. Czy naprawd\u0119 wierzymy, \u017ce moc nad naszym \u017cyciem &#8211; nad duchowymi, nieograniczonymi istotami &#8211; znajduje si\u0119 w kawa\u0142ku materii zwanej ciastkiem ? Oczywi\u015bcie, \u017ce nie !&nbsp;<\/p>\n\n\n\n<p>Moc znajduje si\u0119 w nas, po prostu stali\u015bmy si\u0119 tej mocy nie\u015bwiadomi. Tak bardzo chcieli\u015bmy wierzy\u0107 we wszystko co s\u0142yszeli\u015bmy , \u017ce zbudowali\u015bmy wok\u00f3\u0142 siebie warstwa po warstwie mury ogranicze\u0144. Od czasu do czasu obserwujemy kogo\u015b, kto uwolni si\u0119 od tych wi\u0119z\u00f3w &#8211; staje si\u0119 radosnym, zdyscyplinowanym, zdecydowanym, \u015bmia\u0142ym, odwa\u017cnym cz\u0142owiekiem, kt\u00f3ry jest uprzejmy mimo wszystko &#8211; wybacza natychmiast, nie chowa urazy- przy kim wszyscy wok\u00f3\u0142 czuj\u0105 si\u0119 lepiej. Oznak\u0105 prawdziwej wolno\u015bci jest zawsze stan, w kt\u00f3rym jednostka potrafi naprawd\u0119 podnosi\u0107 na duchu innych &#8211; dodaje im energii (bez s\u0142owa) &#8211; zamiast j\u0105 zabiera\u0107 i koncentrowa\u0107 uwag\u0119 na sobie ( co jest oznak\u0105 braku energii &#8211; braku mocy ).<\/p>\n\n\n\n<p><strong>Warsztaty uwalniania s\u0105&nbsp;nauk\u0105 SUBIEKTYWN\u0104 &#8211; czyli nauk\u0105 poprzez do\u015bwiadczenie. Gdy odkrywamy, \u017ce posiadamy realny wp\u0142yw na ka\u017cdy obszar naszego \u017cycia, zobaczymy, \u017ce warsztaty introspekcyjne w kt\u00f3rych zamiast uczy\u0107 si\u0119 cudzych teorii, zasad \u017cycia, regu\u0142 itp &#8211;&nbsp;warstwa po warstwie identyfikujemy i uwalniamy ograniczenia z naszego w\u0142asnego umys\u0142u s\u0105&nbsp;nadal nieznane.<br><\/strong>Jakich autentycznych zmian do\u015bwiadczaj\u0105 osoby po aktywnym udziale w Warsztatach Uwalniania i Transformacji &nbsp;?&nbsp;<\/p>\n\n\n\n<ul class=\"wp-block-list\">\n<li>Rozwi\u0105zuj\u0105 nawet najd\u0142u\u017cej trwaj\u0105ce trudne sytuacje i problemy. Przestaj\u0105 odk\u0142ada\u0107 trudne decyzje &#8222;na p\u00f3\u017aniej&#8221;.<\/li>\n\n\n\n<li>W bardzo szybkim tempie zmieniaj\u0105 swoje ca\u0142e \u017cycie w kontek\u015bcie finans\u00f3w. Trwale do\u015bwiadczaj\u0105c czym jest obfito\u015b\u0107.<\/li>\n\n\n\n<li>Staj\u0105 si\u0119 zrelaksowani. Do\u015bwiadczaj\u0105 czym jest wolno\u015b\u0107.<\/li>\n\n\n\n<li>Odrywaj\u0105 to, ile energii psychicznej do tej pory zu\u017cywali na t\u0142umienie negatywnymi my\u015bli i emocji. Gdy przestaj\u0105 to robi\u0107, przestaj\u0105 by\u0107 ci\u0105gle zm\u0119czeni i wyczerpani. Zm\u0119czenie to iluzja. Energia duchowa inspiruje nas bez ogranicze\u0144 -tylko musimy pozwoli\u0107 jej p\u0142yn\u0105\u0107 !<\/li>\n\n\n\n<li>Naprawiaj\u0105 wszelkie relacje z lud\u017ami. Wybieraj\u0105c bycie pozytywnymi &#8211; otaczaj\u0105 si\u0119 pozytywnymi lud\u017ami.<\/li>\n\n\n\n<li>Otrzymuj\u0105 ca\u0142\u0105 pomoc i wsparcie od wszech\u015bwiata i Boga, mimo, \u017ce do tej pory czuli si\u0119 samotni i wyizolowani ( bo uwolnili dum\u0119 !)<\/li>\n\n\n\n<li>Staj\u0105 si\u0119 szcz\u0119\u015bliwi i rado\u015bni.Warsztaty Uwalniania &#8211; do\u015bwiadczenie, kt\u00f3re odmienia nasze \u017cycie na zawsze. Do\u015bwiadczenie tego, \u017ce to, co szukali\u015bmy by\u0142o zawsze w nas.Szczeg\u00f3\u0142y :&nbsp;<a href=\"https:\/\/www.adamkrasowski.pl\/zaawansowane-warsztaty-uwalniania-2022\/\">link<\/a>&nbsp;<\/li>\n<\/ul>\n","protected":false},"excerpt":{"rendered":"<p>Emocje, to co czujemy &#8211; wp\u0142ywa na to, czy w naszym \u017cyciu pojawia si\u0119 tylko to co dobre i pozytywneczy raczej &#8211; odpychamy od siebie obfito\u015b\u0107, mi\u0142o\u015b\u0107, szcz\u0119\u015bcie i zdrowie wybieraj\u0105c negatywne uczucia. Wi\u0119kszo\u015b\u0107 os\u00f3b wierzy w to, \u017ce nie mo\u017ce zmieni\u0107 tego jak si\u0119 czuje &#8211; tym samym nie mog\u0105 zmieni\u0107 tego co dzieje&hellip; <a class=\"more-link\" href=\"https:\/\/uwalnianie.com\/\">Czytaj dalej <span class=\"screen-reader-text\">Uwalnianie<\/span><\/a><\/p>\n","protected":false},"author":1,"featured_media":0,"parent":0,"menu_order":0,"comment_status":"closed","ping_status":"closed","template":"","meta":{"footnotes":""},"class_list":["post-15","page","type-page","status-publish","hentry","entry"],"yoast_head":"<!-- This site is optimized with the Yoast SEO plugin v21.0 - https:\/\/yoast.com\/wordpress\/plugins\/seo\/ -->\n<title>Uwalnianie - Adam Krasowski<\/title>\n<meta name=\"robots\" content=\"index, follow, max-snippet:-1, max-image-preview:large, max-video-preview:-1\" \/>\n<link rel=\"canonical\" href=\"http:\/\/uwalnianie.com\/\" \/>\n<meta property=\"og:locale\" content=\"pl_PL\" \/>\n<meta property=\"og:type\" content=\"article\" \/>\n<meta property=\"og:title\" content=\"Uwalnianie - Adam Krasowski\" \/>\n<meta property=\"og:description\" content=\"Emocje, to co czujemy &#8211; wp\u0142ywa na to, czy w naszym \u017cyciu pojawia si\u0119 tylko to co dobre i pozytywneczy raczej &#8211; odpychamy od siebie obfito\u015b\u0107, mi\u0142o\u015b\u0107, szcz\u0119\u015bcie i zdrowie wybieraj\u0105c negatywne uczucia. Wi\u0119kszo\u015b\u0107 os\u00f3b wierzy w to, \u017ce nie mo\u017ce zmieni\u0107 tego jak si\u0119 czuje &#8211; tym samym nie mog\u0105 zmieni\u0107 tego co dzieje&hellip; Czytaj dalej Uwalnianie\" \/>\n<meta property=\"og:url\" content=\"http:\/\/uwalnianie.com\/\" \/>\n<meta property=\"og:site_name\" content=\"Adam Krasowski\" \/>\n<meta property=\"article:modified_time\" content=\"2023-08-30T21:30:49+00:00\" \/>\n<meta property=\"og:image\" content=\"https:\/\/www.adamkrasowski.pl\/wp-content\/uploads\/2020\/07\/457197700695c9a4bb13bcf8686b16c2.jpg\" \/>\n<meta name=\"twitter:card\" content=\"summary_large_image\" \/>\n<meta name=\"twitter:label1\" content=\"Szacowany czas czytania\" \/>\n\t<meta name=\"twitter:data1\" content=\"11 minut\" \/>\n<script type=\"application\/ld+json\" class=\"yoast-schema-graph\">{\"@context\":\"https:\/\/schema.org\",\"@graph\":[{\"@type\":\"WebPage\",\"@id\":\"http:\/\/uwalnianie.com\/\",\"url\":\"http:\/\/uwalnianie.com\/\",\"name\":\"Uwalnianie - Adam Krasowski\",\"isPartOf\":{\"@id\":\"http:\/\/uwalnianie.com\/#website\"},\"datePublished\":\"2023-08-30T21:27:15+00:00\",\"dateModified\":\"2023-08-30T21:30:49+00:00\",\"breadcrumb\":{\"@id\":\"http:\/\/uwalnianie.com\/#breadcrumb\"},\"inLanguage\":\"pl-PL\",\"potentialAction\":[{\"@type\":\"ReadAction\",\"target\":[\"http:\/\/uwalnianie.com\/\"]}]},{\"@type\":\"BreadcrumbList\",\"@id\":\"http:\/\/uwalnianie.com\/#breadcrumb\",\"itemListElement\":[{\"@type\":\"ListItem\",\"position\":1,\"name\":\"Strona g\u0142\u00f3wna\",\"item\":\"http:\/\/uwalnianie.com\/\"},{\"@type\":\"ListItem\",\"position\":2,\"name\":\"Uwalnianie\"}]},{\"@type\":\"WebSite\",\"@id\":\"http:\/\/uwalnianie.com\/#website\",\"url\":\"http:\/\/uwalnianie.com\/\",\"name\":\"Adam Krasowski\",\"description\":\"Technika Uwalniania David R. Hawkins\",\"potentialAction\":[{\"@type\":\"SearchAction\",\"target\":{\"@type\":\"EntryPoint\",\"urlTemplate\":\"http:\/\/uwalnianie.com\/?s={search_term_string}\"},\"query-input\":\"required name=search_term_string\"}],\"inLanguage\":\"pl-PL\"}]}<\/script>\n<!-- \/ Yoast SEO plugin. -->","yoast_head_json":{"title":"Uwalnianie - Adam Krasowski","robots":{"index":"index","follow":"follow","max-snippet":"max-snippet:-1","max-image-preview":"max-image-preview:large","max-video-preview":"max-video-preview:-1"},"canonical":"http:\/\/uwalnianie.com\/","og_locale":"pl_PL","og_type":"article","og_title":"Uwalnianie - Adam Krasowski","og_description":"Emocje, to co czujemy &#8211; wp\u0142ywa na to, czy w naszym \u017cyciu pojawia si\u0119 tylko to co dobre i pozytywneczy raczej &#8211; odpychamy od siebie obfito\u015b\u0107, mi\u0142o\u015b\u0107, szcz\u0119\u015bcie i zdrowie wybieraj\u0105c negatywne uczucia. Wi\u0119kszo\u015b\u0107 os\u00f3b wierzy w to, \u017ce nie mo\u017ce zmieni\u0107 tego jak si\u0119 czuje &#8211; tym samym nie mog\u0105 zmieni\u0107 tego co dzieje&hellip; Czytaj dalej Uwalnianie","og_url":"http:\/\/uwalnianie.com\/","og_site_name":"Adam Krasowski","article_modified_time":"2023-08-30T21:30:49+00:00","og_image":[{"url":"https:\/\/www.adamkrasowski.pl\/wp-content\/uploads\/2020\/07\/457197700695c9a4bb13bcf8686b16c2.jpg"}],"twitter_card":"summary_large_image","twitter_misc":{"Szacowany czas czytania":"11 minut"},"schema":{"@context":"https:\/\/schema.org","@graph":[{"@type":"WebPage","@id":"http:\/\/uwalnianie.com\/","url":"http:\/\/uwalnianie.com\/","name":"Uwalnianie - Adam Krasowski","isPartOf":{"@id":"http:\/\/uwalnianie.com\/#website"},"datePublished":"2023-08-30T21:27:15+00:00","dateModified":"2023-08-30T21:30:49+00:00","breadcrumb":{"@id":"http:\/\/uwalnianie.com\/#breadcrumb"},"inLanguage":"pl-PL","potentialAction":[{"@type":"ReadAction","target":["http:\/\/uwalnianie.com\/"]}]},{"@type":"BreadcrumbList","@id":"http:\/\/uwalnianie.com\/#breadcrumb","itemListElement":[{"@type":"ListItem","position":1,"name":"Strona g\u0142\u00f3wna","item":"http:\/\/uwalnianie.com\/"},{"@type":"ListItem","position":2,"name":"Uwalnianie"}]},{"@type":"WebSite","@id":"http:\/\/uwalnianie.com\/#website","url":"http:\/\/uwalnianie.com\/","name":"Adam Krasowski","description":"Technika Uwalniania David R. Hawkins","potentialAction":[{"@type":"SearchAction","target":{"@type":"EntryPoint","urlTemplate":"http:\/\/uwalnianie.com\/?s={search_term_string}"},"query-input":"required name=search_term_string"}],"inLanguage":"pl-PL"}]}},"_links":{"self":[{"href":"https:\/\/uwalnianie.com\/index.php\/wp-json\/wp\/v2\/pages\/15","targetHints":{"allow":["GET"]}}],"collection":[{"href":"https:\/\/uwalnianie.com\/index.php\/wp-json\/wp\/v2\/pages"}],"about":[{"href":"https:\/\/uwalnianie.com\/index.php\/wp-json\/wp\/v2\/types\/page"}],"author":[{"embeddable":true,"href":"https:\/\/uwalnianie.com\/index.php\/wp-json\/wp\/v2\/users\/1"}],"replies":[{"embeddable":true,"href":"https:\/\/uwalnianie.com\/index.php\/wp-json\/wp\/v2\/comments?post=15"}],"version-history":[{"count":3,"href":"https:\/\/uwalnianie.com\/index.php\/wp-json\/wp\/v2\/pages\/15\/revisions"}],"predecessor-version":[{"id":19,"href":"https:\/\/uwalnianie.com\/index.php\/wp-json\/wp\/v2\/pages\/15\/revisions\/19"}],"wp:attachment":[{"href":"https:\/\/uwalnianie.com\/index.php\/wp-json\/wp\/v2\/media?parent=15"}],"curies":[{"name":"wp","href":"https:\/\/api.w.org\/{rel}","templated":true}]}}